{"id":294,"date":"2018-05-30T20:54:13","date_gmt":"2018-05-30T13:54:13","guid":{"rendered":"http:\/\/mantis.la-studioweb.com\/?page_id=294"},"modified":"2025-05-29T15:36:04","modified_gmt":"2025-05-29T15:36:04","slug":"home-07","status":"publish","type":"page","link":"https:\/\/loscaprichosmisprincesas.es\/","title":{"rendered":"Home 07"},"content":{"rendered":"<div class=\"wpb-content-wrapper\"><p>[vc_row source=\u00bb\u00bb text=\u00bbMantis \u2013 Minimal &amp; Modern WooCommerce Theme\u00bb font_container=\u00bbtag:h1|text_align:left\u00bb use_theme_fonts=\u00bbyes\u00bb google_fonts=\u00bbfont_family:Abril%20Fatface%3Aregular|font_style:400%20regular%3A400%3Anormal\u00bb link=\u00bb\u00bb el_class=\u00bbhidden\u00bb][vc_column][vc_custom_heading text=\u00bbMantis \u2013 Minimal &amp; Modern WooCommerce Theme\u00bb font_container=\u00bbtag:h1|text_align:left\u00bb use_theme_fonts=\u00bbyes\u00bb el_class=\u00bbhidden\u00bb][\/vc_column][\/vc_row][vc_row full_width=\u00bbstretch_row_content_no_spaces\u00bb gap=\u00bb10&#8243; el_id=\u00bbm7_section_banner\u00bb][vc_column width=\u00bb2\/3&#8243;]<div id=\"la_banner_box_6a03b80438944\" class=\"wpb_content_element la-banner-box banner-type-8 la_banner_box_6a03b80438944 margin-bottom-10\">\n    <div class=\"box-inner\">\n                <div class=\"banner--image\">\n            <div class=\"loop__item__thumbnail--bkg la-lazyload-image gitem-zone-height-mode-custom gitem-hide-img\"\n                 data-background-image=\"\/\/loscaprichosmisprincesas.es\/wp-content\/uploads\/2025\/05\/WhatsApp-Image-2025-05-13-at-17.20.35.jpeg\"\n                 style=\"padding-top:81.72%;padding-top: 76%;\">\n            <\/div>\n        <\/div>\n        <div class=\"banner--info\">\n            <div class=\"js-el b-title b-title1\" style=\"\" >#loscaprichosmisprincesas<\/div><div class=\"js-el b-title b-title2\" style=\"\" >COMBO BOLSO 3 PIEZAS<\/div><a class=\"banner--btn\" href=\"https:\/\/loscaprichosmisprincesas.es\/index.php\/categoria-producto\/bolso-calidad-30-a-80\/\" title=\"VER BOLSOS\">VER BOLSOS<\/a>        <\/div>\n        <a class=\"banner--link-overlay item--overlay\" href=\"https:\/\/loscaprichosmisprincesas.es\/index.php\/categoria-producto\/bolso-calidad-30-a-80\/\" title=\"VER BOLSOS\"><span class=\"hidden\"><span>VER BOLSOS<\/span><\/span><\/a>    <\/div>\n        <style>\n                .la_banner_box_6a03b80438944.la-banner-box .banner--image:after{\n            background-color: rgba(24,24,24,0.2);\n        }\n                    <\/style>\n    <\/div>\n[\/vc_column][vc_column width=\u00bb1\/3&#8243;]<div id=\"la_banner_box_6a03b80438c62\" class=\"wpb_content_element la-banner-box banner-type-8 la_banner_box_6a03b80438c62 banner8__custom margin-bottom-10\">\n    <div class=\"box-inner\">\n                <div class=\"banner--image\">\n            <div class=\"loop__item__thumbnail--bkg la-lazyload-image gitem-zone-height-mode-custom gitem-hide-img\"\n                 data-background-image=\"\/\/loscaprichosmisprincesas.es\/wp-content\/uploads\/2025\/05\/WhatsApp-Image-2025-05-13-at-17.21.58.jpeg\"\n                 style=\"padding-top:177.62%;padding-top: 76%;\">\n            <\/div>\n        <\/div>\n        <div class=\"banner--info\">\n            <div class=\"js-el b-title b-title1\" style=\"\" >#loscaprichosmisprincesas<\/div><div class=\"js-el b-title b-title2\" style=\"\" >COMBO DE DEPORTES 90<\/div><a class=\"banner--btn\" href=\"https:\/\/loscaprichosmisprincesas.es\/index.php\/categoria-producto\/combo-de-deportes-90\/\" title=\"VER\">VER<\/a>        <\/div>\n        <a class=\"banner--link-overlay item--overlay\" href=\"https:\/\/loscaprichosmisprincesas.es\/index.php\/categoria-producto\/combo-de-deportes-90\/\" title=\"VER\"><span class=\"hidden\"><span>VER<\/span><\/span><\/a>    <\/div>\n        <style>\n                .la_banner_box_6a03b80438c62.la-banner-box .banner--image:after{\n            background-color: rgba(24,24,24,0.2);\n        }\n                    <\/style>\n    <\/div>\n<div id=\"la_banner_box_6a03b80438ef4\" class=\"wpb_content_element la-banner-box banner-type-8 la_banner_box_6a03b80438ef4 banner8__custom margin-bottom-10\">\n    <div class=\"box-inner\">\n                <div class=\"banner--image\">\n            <div class=\"loop__item__thumbnail--bkg la-lazyload-image gitem-zone-height-mode-custom gitem-hide-img\"\n                 data-background-image=\"\/\/loscaprichosmisprincesas.es\/wp-content\/uploads\/2025\/05\/WhatsApp-Image-2025-05-13-at-17.22.41.jpeg\"\n                 style=\"padding-top:177.62%;padding-top: 76%;\">\n            <\/div>\n        <\/div>\n        <div class=\"banner--info\">\n            <div class=\"js-el b-title b-title1\" style=\"\" >#loscaprichosmisprincesas<\/div><div class=\"js-el b-title b-title2\" style=\"\" >COMBOS DE TACONES<\/div><a class=\"banner--btn\" href=\"https:\/\/loscaprichosmisprincesas.es\/index.php\/categoria-producto\/combos-de-tacones\/\" title=\"VER\">VER<\/a>        <\/div>\n        <a class=\"banner--link-overlay item--overlay\" href=\"https:\/\/loscaprichosmisprincesas.es\/index.php\/categoria-producto\/combos-de-tacones\/\" title=\"VER\"><span class=\"hidden\"><span>VER<\/span><\/span><\/a>    <\/div>\n        <style>\n                .la_banner_box_6a03b80438ef4.la-banner-box .banner--image:after{\n            background-color: rgba(24,24,24,0.2);\n        }\n                    <\/style>\n    <\/div>\n[\/vc_column][\/vc_row][vc_row full_width=\u00bbstretch_row_content\u00bb el_class=\u00bbla_row_gap_80&#8243;][vc_column]<div id=\"la_divider6a03b80438fe4\" class=\"js-el la-divider la-unit-responsive\" data-la_component=\"UnitResponsive\"  data-el_target='#la_divider6a03b80438fe4'  data-el_media_sizes='{&quot;padding-top&quot;:&quot;lg:60px;&quot;}' ><\/div>\n[vc_tta_tabs][vc_tta_section title=\u00bbNueva Colecci\u00f3n\u00bb tab_id=\u00bb1527781968862-7a882614-b39a\u00bb]<div id=\"la_divider6a03b80439072\" class=\"js-el la-divider la-unit-responsive\" data-la_component=\"UnitResponsive\"  data-el_target='#la_divider6a03b80439072'  data-el_media_sizes='{&quot;padding-top&quot;:&quot;lg:30px;&quot;}' ><\/div>\n<div id=\"recent_products_6a03b80439714\" class=\"woocommerce \"><div class=\"row\"><div class=\"col-xs-12\"><ul class=\"products grid-space-20 grid-items xxl-block-grid-4 xl-block-grid-4 lg-block-grid-3 md-block-grid-2 sm-block-grid-2 block-grid-1 products-grid products-grid-1\"><li class=\"product_item grid-item product thumb-has-effect prod-rating-off type-product post-1378 status-publish first instock product_cat-chanclas-y-tacones has-post-thumbnail shipping-taxable purchasable product-type-variable\" data-width=\"1\" data-height=\"1\">\n\t\t<div class=\"product_item--inner\">\n\t\t<div class=\"product_item--thumbnail\">\n\t\t\t<div class=\"product_item--thumbnail-holder\">\n\t\t\t\t<a href=\"https:\/\/loscaprichosmisprincesas.es\/index.php\/producto\/tacon-fendi-original\/\" class=\"woocommerce-LoopProduct-link woocommerce-loop-product__link\"><img loading=\"lazy\" decoding=\"async\" width=\"600\" height=\"670\" src=\"https:\/\/loscaprichosmisprincesas.es\/wp-content\/uploads\/2025\/05\/1002085643-600x670.jpg\" class=\"attachment-woocommerce_thumbnail size-woocommerce_thumbnail\" alt=\"Tacon Fendi original\" \/><div class=\"la-lazyload-image wp-alt-image\" data-background-image=\"\/\/loscaprichosmisprincesas.es\/wp-content\/uploads\/2025\/05\/1002085645-600x670.jpg\"><\/div><div class=\"item--overlay\"><\/div><\/a>\t\t\t<\/div>\n\t\t\t<div class=\"product_item_thumbnail_action product_item--action\">\n\t\t\t\t<div class=\"wrap-addto\"><a class=\"quickview button la-quickview-button\" href=\"https:\/\/loscaprichosmisprincesas.es\/index.php\/producto\/tacon-fendi-original\/\" data-href=\"https:\/\/loscaprichosmisprincesas.es\/index.php\/producto\/tacon-fendi-original\/?product_quickview=1378\" title=\"Quick Shop\">Quick Shop<\/a><\/div>\t\t\t<\/div>\n\t\t<\/div>\n\t\t<div class=\"product_item--info\">\n\t\t\t<div class=\"product_item--info-inner\">\n\t\t\t\t<h3 class=\"product_item--title\"><a href=\"https:\/\/loscaprichosmisprincesas.es\/index.php\/producto\/tacon-fendi-original\/\">Tacon Fendi original<\/a><\/h3>\n\t<span class=\"price\"><span class=\"woocommerce-Price-amount amount\"><bdi>70,00&nbsp;<span class=\"woocommerce-Price-currencySymbol\">&euro;<\/span><\/bdi><\/span><\/span>\n\t\t\t<\/div>\n\t\t\t<div class=\"product_item--action\">\n\t\t\t\t<div class=\"wrap-addto\"><a class=\"quickview button la-quickview-button\" href=\"https:\/\/loscaprichosmisprincesas.es\/index.php\/producto\/tacon-fendi-original\/\" data-href=\"https:\/\/loscaprichosmisprincesas.es\/index.php\/producto\/tacon-fendi-original\/?product_quickview=1378\" title=\"Quick Shop\">Quick Shop<\/a><\/div>\t\t\t<\/div>\n\t\t<\/div>\n\t\t<\/div>\n<\/li>\n<\/ul><\/div><\/div><\/div>[\/vc_tta_section][\/vc_tta_tabs]<div id=\"la_divider6a03b8043ae0b\" class=\"js-el la-divider la-unit-responsive\" data-la_component=\"UnitResponsive\"  data-el_target='#la_divider6a03b8043ae0b'  data-el_media_sizes='{&quot;padding-top&quot;:&quot;lg:5px;&quot;}' ><\/div>\n[vc_custom_heading text=\u00bbVer m\u00e1s art\u00edculos\u00bb font_container=\u00bbtag:div|text_align:center\u00bb use_theme_fonts=\u00bbyes\u00bb css=\u00bb\u00bb link=\u00bburl:https%3A%2F%2Floscaprichosmisprincesas.es%2Findex.php%2Fshop%2F\u00bb el_class=\u00bbheading__viewall\u00bb]<div id=\"la_divider6a03b8043ae96\" class=\"js-el la-divider la-unit-responsive\" data-la_component=\"UnitResponsive\"  data-el_target='#la_divider6a03b8043ae96'  data-el_media_sizes='{&quot;padding-top&quot;:&quot;lg:85px;&quot;}' ><\/div>\n[\/vc_column][\/vc_row][vc_row full_width=\u00bbstretch_row\u00bb css=\u00bb.vc_custom_1527823533742{background-color: #f9f9f9 !important;}\u00bb][vc_column width=\u00bb2\/3&#8243; la_animation_duration=\u00bb1&#8243; la_animation_delay=\u00bb0&#8243; la_animation_iteration_count=\u00bb1&#8243; offset=\u00bbvc_col-md-offset-3 vc_col-md-6 vc_col-sm-offset-2&#8243;]<div id=\"la_divider6a03b8043af0a\" class=\"js-el la-divider la-unit-responsive\" data-la_component=\"UnitResponsive\"  data-el_target='#la_divider6a03b8043af0a'  data-el_media_sizes='{&quot;padding-top&quot;:&quot;lg:25px;&quot;}' ><\/div>\n<div id=\"la_testimonial_6a03b8043b02f\" class=\"wpb_content_element la-testimonials margin-bottom-20\"><div class=\"la-loop testimonial-loop la_testimonials loop-style-4 la_testimonials--style-4 grid-items grid-space-default js-el la-slick-slider\" data-la_component=\"AutoCarousel\" data-slider_config=\"{&quot;slidesToShow&quot;:1,&quot;slidesToScroll&quot;:1,&quot;dots&quot;:false,&quot;autoplaySpeed&quot;:5000,&quot;speed&quot;:300,&quot;infinite&quot;:false,&quot;arrows&quot;:false,&quot;swipe&quot;:true,&quot;draggable&quot;:true,&quot;touchMove&quot;:true,&quot;pauseOnHover&quot;:false,&quot;responsive&quot;:[{&quot;breakpoint&quot;:1824,&quot;settings&quot;:{&quot;slidesToShow&quot;:1,&quot;slidesToScroll&quot;:1}},{&quot;breakpoint&quot;:1200,&quot;settings&quot;:{&quot;slidesToShow&quot;:1,&quot;slidesToScroll&quot;:1}},{&quot;breakpoint&quot;:992,&quot;settings&quot;:{&quot;slidesToShow&quot;:1,&quot;slidesToScroll&quot;:1}},{&quot;breakpoint&quot;:768,&quot;settings&quot;:{&quot;slidesToShow&quot;:1,&quot;slidesToScroll&quot;:1}},{&quot;breakpoint&quot;:576,&quot;settings&quot;:{&quot;slidesToShow&quot;:1,&quot;slidesToScroll&quot;:1}}],&quot;pauseOnDotsHover&quot;:true}\"><div class=\"loop__item grid-item testimonial_item post-323 la_testimonial type-la_testimonial status-publish hentry\">\n    <div class=\"loop__item__inner\">\n        <div class=\"loop__item__inner2\">\n            <div class=\"loop__item__thumbnail\"><div class=\"loop__item__thumbnail--bkg la-lazyload-image\" data-background-image=\"https:\/\/loscaprichosmisprincesas.es\/wp-content\/uploads\/2018\/06\/m7-client1.jpg\"><\/div><\/div>\n            <div class=\"loop__item__info\">\n                <div class=\"loop__item__info2\">\n                    <div class=\"loop__item__desc\">Cada vez que quiero darme un gusto, vengo aqu\u00ed. Tienen accesorios \u00fanicos y siempre encuentro algo especial. Adem\u00e1s, la atenci\u00f3n es excelente, muy amables y pendientes de cada detalle.&quot;<\/div>\n                    <div class=\"loop__item__title\">\n                        <h3 class=\"entry-title\">Rosa r<\/h3>                    <\/div>\n                    <div class=\"loop__item__meta\">\n                        <p class=\"testimonial_item--role\">cliente<\/p><p class=\"item--rating\"><span class=\"star-rating\"><span style=\"width: 100%\"><\/span><\/span><\/p>                    <\/div>\n                <\/div>\n            <\/div>\n        <\/div>\n    <\/div>\n<\/div><div class=\"loop__item grid-item testimonial_item post-327 la_testimonial type-la_testimonial status-publish hentry\">\n    <div class=\"loop__item__inner\">\n        <div class=\"loop__item__inner2\">\n            <div class=\"loop__item__thumbnail\"><\/div>\n            <div class=\"loop__item__info\">\n                <div class=\"loop__item__info2\">\n                    <div class=\"loop__item__desc\">&quot;\u00a1Estoy encantada con mi bolso nuevo! La calidad es espectacular, los acabados est\u00e1n s\u00faper bien cuidados y el dise\u00f1o es precioso. \u2018Los Caprichos Mis Princesas\u2019 se ha convertido en mi tienda favorita.&quot;<\/div>\n                    <div class=\"loop__item__title\">\n                        <h3 class=\"entry-title\">Jose C.<\/h3>                    <\/div>\n                    <div class=\"loop__item__meta\">\n                        <p class=\"testimonial_item--role\">Cliente<\/p><p class=\"item--rating\"><span class=\"star-rating\"><span style=\"width: 100%\"><\/span><\/span><\/p>                    <\/div>\n                <\/div>\n            <\/div>\n        <\/div>\n    <\/div>\n<\/div><\/div>\n<!-- .testimonial-loop --><\/div>[\/vc_column][\/vc_row][vc_row full_width=\u00bbstretch_row\u00bb][vc_column][\/vc_column][\/vc_row][vc_row full_width=\u00bbstretch_row_content\u00bb el_class=\u00bbla_row_gap_120&#8243;][vc_column]<div id=\"la_divider6a03b8043b762\" class=\"js-el la-divider la-unit-responsive\" data-la_component=\"UnitResponsive\"  data-el_target='#la_divider6a03b8043b762'  data-el_media_sizes='{&quot;padding-top&quot;:&quot;lg:80px;&quot;}' ><\/div>\n<div id=\"la_heading_6a03b8043b8bf\" class=\"la-headings text-center\"><h2 class=\"js-el heading-tag la-unit-responsive\" style=\"\" >Otras colecciones que nos encantan<\/h2><\/div>\n<div id=\"la_divider6a03b8043b940\" class=\"js-el la-divider la-unit-responsive\" data-la_component=\"UnitResponsive\"  data-el_target='#la_divider6a03b8043b940'  data-el_media_sizes='{&quot;padding-top&quot;:&quot;lg:35px;&quot;}' ><\/div>\n<div id=\"la_carousel_18363780426a03b8043b9f6\" class=\"la-carousel-wrapper la_carousel_horizontal collection-slider no-slider-effect\" data-gutter=\"15\">\n    <div data-la_component=\"AutoCarousel\" class=\"js-el la-slick-slider\" data-slick_customPaging=\"&lt;span style=&quot;color:#333333;&quot;&gt;&lt;svg&gt;&lt;use xlink:href=&quot;#dlicon-dot6&quot;&gt;&lt;\/use&gt;&lt;\/svg&gt;&lt;\/span&gt;\" data-slider_config=\"{&quot;slidesToShow&quot;:3,&quot;slidesToScroll&quot;:3,&quot;dots&quot;:true,&quot;autoplaySpeed&quot;:5000,&quot;speed&quot;:300,&quot;infinite&quot;:false,&quot;arrows&quot;:false,&quot;swipe&quot;:true,&quot;draggable&quot;:true,&quot;touchMove&quot;:true,&quot;pauseOnHover&quot;:false,&quot;responsive&quot;:[{&quot;breakpoint&quot;:1824,&quot;settings&quot;:{&quot;slidesToShow&quot;:3,&quot;slidesToScroll&quot;:3}},{&quot;breakpoint&quot;:1200,&quot;settings&quot;:{&quot;slidesToShow&quot;:2,&quot;slidesToScroll&quot;:2}},{&quot;breakpoint&quot;:992,&quot;settings&quot;:{&quot;slidesToShow&quot;:2,&quot;slidesToScroll&quot;:2}},{&quot;breakpoint&quot;:768,&quot;settings&quot;:{&quot;slidesToShow&quot;:2,&quot;slidesToScroll&quot;:2}},{&quot;breakpoint&quot;:576,&quot;settings&quot;:{&quot;slidesToShow&quot;:1,&quot;slidesToScroll&quot;:1}}],&quot;pauseOnDotsHover&quot;:true}\">\n        <div class=\"la-item-wrap\"><div id=\"la_banner_box_6a03b8043bd99\" class=\"wpb_content_element la-banner-box banner-type-4 la_banner_box_6a03b8043bd99\">\n    <div class=\"box-inner\">\n                <div class=\"banner--image\">\n            <div class=\"loop__item__thumbnail--bkg la-lazyload-image gitem-zone-height-mode-custom gitem-hide-img\"\n                 data-background-image=\"\/\/loscaprichosmisprincesas.es\/wp-content\/uploads\/2025\/05\/WhatsApp-Image-2025-05-13-at-17.21.03.jpeg\"\n                 style=\"padding-top:177.62%;padding-top: 113%;\">\n            <\/div>\n        <\/div>\n        <div class=\"banner--info\">\n            <div class=\"js-el b-title b-title1\" style=\"\" >Combo Chanclas<\/div><a class=\"banner--btn\" href=\"https:\/\/loscaprichosmisprincesas.es\/index.php\/categoria-producto\/combo-chanclas\/\" title=\"Combo Chanclas\">Combo Chanclas<\/a>        <\/div>\n        <a class=\"banner--link-overlay item--overlay\" href=\"https:\/\/loscaprichosmisprincesas.es\/index.php\/categoria-producto\/combo-chanclas\/\" title=\"Combo Chanclas\"><span class=\"hidden\"><span>Combo Chanclas<\/span><\/span><\/a>    <\/div>\n    <\/div>\n<\/div><div class=\"la-item-wrap\"><div id=\"la_banner_box_6a03b8043c029\" class=\"wpb_content_element la-banner-box banner-type-4 la_banner_box_6a03b8043c029\">\n    <div class=\"box-inner\">\n                <div class=\"banner--image\">\n            <div class=\"loop__item__thumbnail--bkg la-lazyload-image gitem-zone-height-mode-custom gitem-hide-img\"\n                 data-background-image=\"\/\/loscaprichosmisprincesas.es\/wp-content\/uploads\/2025\/05\/WhatsApp-Image-2025-05-13-at-17.23.29.jpeg\"\n                 style=\"padding-top:177.62%;padding-top: 113%;\">\n            <\/div>\n        <\/div>\n        <div class=\"banner--info\">\n            <div class=\"js-el b-title b-title1\" style=\"\" >Bolsos de piel<\/div><a class=\"banner--btn\" href=\"https:\/\/loscaprichosmisprincesas.es\/index.php\/categoria-producto\/bolso-de-piel\/\" title=\"Bolsos de piel\">Bolsos de piel<\/a>        <\/div>\n        <a class=\"banner--link-overlay item--overlay\" href=\"https:\/\/loscaprichosmisprincesas.es\/index.php\/categoria-producto\/bolso-de-piel\/\" title=\"Bolsos de piel\"><span class=\"hidden\"><span>Bolsos de piel<\/span><\/span><\/a>    <\/div>\n    <\/div>\n<\/div><div class=\"la-item-wrap\"><div id=\"la_banner_box_6a03b8043c27c\" class=\"wpb_content_element la-banner-box banner-type-4 la_banner_box_6a03b8043c27c\">\n    <div class=\"box-inner\">\n                <div class=\"banner--image\">\n            <div class=\"loop__item__thumbnail--bkg la-lazyload-image gitem-zone-height-mode-custom gitem-hide-img\"\n                 data-background-image=\"\/\/loscaprichosmisprincesas.es\/wp-content\/uploads\/2025\/05\/WhatsApp-Image-2025-05-13-at-17.24.48-1.jpeg\"\n                 style=\"padding-top:56.3%;padding-top: 113%;\">\n            <\/div>\n        <\/div>\n        <div class=\"banner--info\">\n            <div class=\"js-el b-title b-title1\" style=\"\" >Bolso calidad 30 a 80<\/div><a class=\"banner--btn\" href=\"https:\/\/loscaprichosmisprincesas.es\/index.php\/categoria-producto\/bolso-calidad-30-a-80\/\" title=\"Bolso calidad 30 a 80\">Bolso calidad 30 a 80<\/a>        <\/div>\n        <a class=\"banner--link-overlay item--overlay\" href=\"https:\/\/loscaprichosmisprincesas.es\/index.php\/categoria-producto\/bolso-calidad-30-a-80\/\" title=\"Bolso calidad 30 a 80\"><span class=\"hidden\"><span>Bolso calidad 30 a 80<\/span><\/span><\/a>    <\/div>\n    <\/div>\n<\/div><div class=\"la-item-wrap\"><div id=\"la_banner_box_6a03b8043c500\" class=\"wpb_content_element la-banner-box banner-type-4 la_banner_box_6a03b8043c500\">\n    <div class=\"box-inner\">\n                <div class=\"banner--image\">\n            <div class=\"loop__item__thumbnail--bkg la-lazyload-image gitem-zone-height-mode-custom gitem-hide-img\"\n                 data-background-image=\"\/\/loscaprichosmisprincesas.es\/wp-content\/uploads\/2025\/05\/WhatsApp-Image-2025-05-13-at-17.25.28.jpeg\"\n                 style=\"padding-top:177.62%;padding-top: 113%;\">\n            <\/div>\n        <\/div>\n        <div class=\"banner--info\">\n            <div class=\"js-el b-title b-title1\" style=\"\" >Chanclas y tacones<\/div><a class=\"banner--btn\" href=\"https:\/\/loscaprichosmisprincesas.es\/index.php\/categoria-producto\/chanclas-y-tacones-sin-combo\/\" title=\"Chanclas y tacones\">Chanclas y tacones<\/a>        <\/div>\n        <a class=\"banner--link-overlay item--overlay\" href=\"https:\/\/loscaprichosmisprincesas.es\/index.php\/categoria-producto\/chanclas-y-tacones-sin-combo\/\" title=\"Chanclas y tacones\"><span class=\"hidden\"><span>Chanclas y tacones<\/span><\/span><\/a>    <\/div>\n    <\/div>\n<\/div>    <\/div>\n<\/div><style data-la_component=\"InsertCustomCSS\">\n    #la_carousel_18363780426a03b8043b9f6{\n        margin-left: -15px;\n        margin-right: -15px;\n    }\n    #la_carousel_18363780426a03b8043b9f6 .la-item-wrap.slick-slide{\n        padding-left: 15px;\n        padding-right: 15px;\n    }\n<\/style>\n<div id=\"la_divider6a03b8043c5eb\" class=\"js-el la-divider la-unit-responsive\" data-la_component=\"UnitResponsive\"  data-el_target='#la_divider6a03b8043c5eb'  data-el_media_sizes='{&quot;padding-top&quot;:&quot;lg:85px;&quot;}' ><\/div>\n[\/vc_column][\/vc_row][vc_row full_width=\u00bbstretch_row\u00bb css=\u00bb.vc_custom_1528085801266{background-color: #f9f9f9 !important;}\u00bb][vc_column]<div id=\"la_divider6a03b8043c670\" class=\"js-el la-divider la-unit-responsive\" data-la_component=\"UnitResponsive\"  data-el_target='#la_divider6a03b8043c670'  data-el_media_sizes='{&quot;padding-top&quot;:&quot;lg:45px;&quot;}' ><\/div>\n[\/vc_column][\/vc_row][vc_row full_width=\u00bbstretch_row\u00bb equal_height=\u00bbyes\u00bb content_placement=\u00bbmiddle\u00bb][vc_column width=\u00bb1\/3&#8243;][\/vc_column][vc_column width=\u00bb2\/3&#8243; la_animation_duration=\u00bb1&#8243; la_animation_delay=\u00bb0&#8243; la_animation_iteration_count=\u00bb1&#8243; el_class=\u00bbcolumn-wrapper&#8211;maxwidth&#8211;700 column-wrapper&#8211;right\u00bb][\/vc_column][\/vc_row]<\/p>\n<\/div>","protected":false},"excerpt":{"rendered":"<p>[vc_row source=\u00bb\u00bb text=\u00bbMantis \u2013 Minimal &amp; Modern WooCommerce Theme\u00bb font_container=\u00bbtag:h1|text_align:left\u00bb use_theme_fonts=\u00bbyes\u00bb google_fonts=\u00bbfont_family:Abril%20Fatface%3Aregular|font_style:400%20regular%3A400%3Anormal\u00bb link=\u00bb\u00bb el_class=\u00bbhidden\u00bb][vc_column][vc_custom_heading text=\u00bbMantis \u2013 Minimal &amp; Modern WooCommerce Theme\u00bb font_container=\u00bbtag:h1|text_align:left\u00bb use_theme_fonts=\u00bbyes\u00bb el_class=\u00bbhidden\u00bb][\/vc_column][\/vc_row][vc_row full_width=\u00bbstretch_row_content_no_spaces\u00bb gap=\u00bb10&#8243; el_id=\u00bbm7_section_banner\u00bb][vc_column width=\u00bb2\/3&#8243;][\/vc_column][vc_column width=\u00bb1\/3&#8243;][\/vc_column][\/vc_row][vc_row full_width=\u00bbstretch_row_content\u00bb&hellip;<\/p>\n","protected":false},"author":1,"featured_media":0,"parent":0,"menu_order":0,"comment_status":"closed","ping_status":"closed","template":"","meta":{"footnotes":""},"class_list":["post-294","page","type-page","status-publish","hentry"],"jetpack_sharing_enabled":true,"_links":{"self":[{"href":"https:\/\/loscaprichosmisprincesas.es\/index.php\/wp-json\/wp\/v2\/pages\/294","targetHints":{"allow":["GET"]}}],"collection":[{"href":"https:\/\/loscaprichosmisprincesas.es\/index.php\/wp-json\/wp\/v2\/pages"}],"about":[{"href":"https:\/\/loscaprichosmisprincesas.es\/index.php\/wp-json\/wp\/v2\/types\/page"}],"author":[{"embeddable":true,"href":"https:\/\/loscaprichosmisprincesas.es\/index.php\/wp-json\/wp\/v2\/users\/1"}],"replies":[{"embeddable":true,"href":"https:\/\/loscaprichosmisprincesas.es\/index.php\/wp-json\/wp\/v2\/comments?post=294"}],"version-history":[{"count":9,"href":"https:\/\/loscaprichosmisprincesas.es\/index.php\/wp-json\/wp\/v2\/pages\/294\/revisions"}],"predecessor-version":[{"id":1224,"href":"https:\/\/loscaprichosmisprincesas.es\/index.php\/wp-json\/wp\/v2\/pages\/294\/revisions\/1224"}],"wp:attachment":[{"href":"https:\/\/loscaprichosmisprincesas.es\/index.php\/wp-json\/wp\/v2\/media?parent=294"}],"curies":[{"name":"wp","href":"https:\/\/api.w.org\/{rel}","templated":true}]}}